{"id":106,"date":"2019-07-09T14:50:43","date_gmt":"2019-07-09T14:50:43","guid":{"rendered":"http:\/\/www.ps-sport.fi\/?page_id=106"},"modified":"2020-04-14T18:27:53","modified_gmt":"2020-04-14T18:27:53","slug":"om-mig-pia-sundback","status":"publish","type":"page","link":"https:\/\/www.ps-sport.fi\/sv\/om-mig-pia-sundback\/","title":{"rendered":"Om mig Pia Sundb\u00e4ck"},"content":{"rendered":"<div id=\"pl-106\"  class=\"panel-layout\" ><div id=\"pg-106-0\"  class=\"panel-grid panel-no-style\" ><div id=\"pgc-106-0-0\"  class=\"panel-grid-cell\" ><div id=\"panel-106-0-0-0\" class=\"so-panel widget widget_black-studio-tinymce widget_black_studio_tinymce panel-first-child panel-last-child\" data-index=\"0\" ><h3 class=\"widget-title\">Om mig<\/h3><div class=\"textwidget\"><p>Jag erbjuder olika tr\u00e4nings- och v\u00e4lm\u00e5endetj\u00e4nster, b\u00e5de f\u00f6r privat personer och f\u00f6retag. <\/p>\n<p>Jag utg\u00e5r alltid ifr\u00e5n kundens \u00f6nskem\u00e5l och behov, och bygger p\u00e5 basen av dem olika paket f\u00f6r kunderna. Jag erbjuder bl.a. PT-tj\u00e4nster, leder Yoga-, Pilates- och MethodFascia-grupper. Jag utf\u00f6r ocks\u00e5 konditionstester, planerar gymprogram f\u00f6r hemmabruk och tr\u00e4ning i konditionsal och utemotionsprogram m.m.<\/p>\n<p>F\u00f6r f\u00f6retag erbjuder jag skr\u00e4ddarsydda program f\u00f6r Tyky- och Tyhy-dagar, samt v\u00e4lm\u00e5endekampanjer med m\u00e5ls\u00e4ttning att st\u00f6da arbetsf\u00f6rm\u00e5gan. Att ge st\u00f6d f\u00f6r att f\u00f6rb\u00e4ttra arbetsf\u00f6rm\u00e5gan genom h\u00e4lsoprojekt med m\u00e5ls\u00e4ttning att minska p\u00e5 sjukledighetsdagar och stillasittande, och ist\u00e4llet \u00f6ka p\u00e5 v\u00e4lbefinnande samt inspirera till arbetseffektivitet och h\u00e4lsa \u00e4r min kunskap och passion.<\/p>\n<p>&nbsp;<\/p>\n<h4>Min utbildning<\/h4>\n<p>Sedan \u00e5r 2000 har jag jobbat med olika former av tr\u00e4ning & v\u00e4lm\u00e5ende. Jag \u00e4r utbildad Fysioterapeut (YAMK) och idrottsinstrukt\u00f6r (AMK) i specialgymnastik. Dessutom \u00e4r jag Auktoriserad PT (Auktoriserad Personal Trainer), Pilates- och Yoga-ledare f\u00f6r att n\u00e4mna n\u00e5gra av mina m\u00e5nga utbildningar. Det jag l\u00e4ra ut, har jag studerat b\u00e5de i teori och i praktiken. Jag uppdaterar mig kontinuerligt med specialkurser och andra studier. Jag njuter av att vara allm\u00e4nt aktiv inom branschen och samarbetar ocks\u00e5 med andra.  <\/p>\n<ul>\n<li>Fysioterapeut HYH Rehabilitering, Arcada 2018<\/li>\n<li>Idrottsinstrukt\u00f6r YH, Liikuntainstituutti Pajulahti Lahden AMK 142sp. \u00e5r 2003<\/li>\n<li>Jyv\u00e4skyl\u00e4n yliopisto, idrottsanl\u00e4ggningar Apro. 2002<\/li>\n<li>Specialgymnastik utbildningsprogram, Liikuntakeskus Pajalahti 2003<\/li>\n<li>Lahden Ammattikorkeakoulu, ljudergonomi 2007<\/li>\n<li>Yoga-ledare 2012<\/li>\n<li>Pilates ledare 2006<\/li>\n<li>MethodFascia 2019<\/li>\n<\/ul>\n<p>Jag efterstr\u00e4var h\u00f6g kvalitet i mitt arbetet. Jag jobbar professionellt emedan jag har en l\u00e5ng och bred kunskap inom omr\u00e5det h\u00e4lsofr\u00e4mjande och idrott. Jag vill st\u00f6da dig att hitta gl\u00e4dje i r\u00f6relsen, bygga upp h\u00e4lsokonditionen eller tr\u00e4na f\u00f6r ett lopp. Allt det h\u00e4r g\u00f6r vi tillsammans som ett gemensamt projekt. Jag njuter av att se dig m\u00e5 bra, andas och n\u00e5 dina m\u00e5l. Vi kan tr\u00e4na hemma hos dig, i simhallen, ute i naturen eller i konditionssalen. F\u00f6r mig \u00e4r ditt v\u00e4lm\u00e5ende och din h\u00e4lsa viktig!<br \/>\nJag ser framemot att h\u00f6ra fr\u00e5n dig, s\u00e5 kan vi diskutera vidare hur jag kan hj\u00e4lpa just dig.<\/p>\n<hr \/>\n<p>&nbsp;<\/p>\n<h4>Arbetserfarenhet<\/h4>\n<ul>\n<li>Prakticum, l\u00e4rare och \u00e4mnesl\u00e4rare 2008\u20132019<\/li>\n<li>Verden Liikuntakeskus, ansvarig f\u00f6r gruppgymnastik 2008\u20132010<\/li>\n<li>Vuoristo Yhti\u00f6t, Haiko G\u00e5rd fysioterapi avdelning, ansvarig f\u00f6r motion och fritidsverksamhet 2003\u20132008<\/li>\n<li>Borg\u00e5 folkh\u00f6gsskola, gymnastikl\u00e4rare 2001\u20132003<\/li>\n<li>Borg\u00e5 Gymnasium, gymnastikl\u00e4rare v\u00e5ren 2001<\/li>\n<\/ul>\n<p>&nbsp;<\/p>\n<hr \/>\n<p>&nbsp;<\/p>\n<h4>Arbetspartner<\/h4>\n<ul>\n<li>Open Yoga, Borg\u00e5<\/li>\n<li>Maillefer Extrusion Oy<\/li>\n<li>Yrkesinstiutet Prakticum<\/li>\n<li>Verden Kuntokeskus<\/li>\n<li>Borg\u00e5 Medborgarsinstitut<\/li>\n<li>Borg\u00e5 stad<\/li>\n<li>Sibbo kommun<\/li>\n<li>Sann\u00e4s Kartano<\/li>\n<li>Aalto yliopisto<\/li>\n<li>Borg\u00e5 Kyrkliga Samf\u00e4llighet<\/li>\n<li>Gaius Stiftelsen<\/li>\n<li>m.m.<\/li>\n<\/ul>\n<\/div><\/div><\/div><div id=\"pgc-106-0-1\"  class=\"panel-grid-cell\" ><div id=\"panel-106-0-1-0\" class=\"so-panel widget widget_kadence_about_with_image kadence_about_with_image panel-first-child\" data-index=\"1\" ><div class=\"kad_img_upload_widget kt-shape-type-kt-image-shape-standard kt-image-align-left kt-image-widget-widget-0-1-0\"><a href=\"http:\/\/www.ps-sport.fi\/wp-content\/uploads\/2019\/07\/pia_sundback_600px.jpg\" rel=\"lightbox\"><div class=\"kt-image-contain kt-image-shadow-none kt-image-shape-standard\"><div class=\"kt-image-inner-contain\"><img loading=\"lazy\" decoding=\"async\" width=\"600\" height=\"761\" src=\"https:\/\/www.ps-sport.fi\/wp-content\/uploads\/2019\/07\/pia_sundback_600px.jpg\" class=\"attachment-full size-full\" alt=\"personal trainer Pia Sundb\u00e4ck\" srcset=\"https:\/\/www.ps-sport.fi\/wp-content\/uploads\/2019\/07\/pia_sundback_600px.jpg 600w, https:\/\/www.ps-sport.fi\/wp-content\/uploads\/2019\/07\/pia_sundback_600px-237x300.jpg 237w\" sizes=\"auto, (max-width: 600px) 100vw, 600px\" \/><\/div><\/div><\/a><\/div><\/div><div id=\"panel-106-0-1-1\" class=\"so-panel widget widget_kadence_about_with_image kadence_about_with_image panel-last-child\" data-index=\"2\" ><div class=\"kad_img_upload_widget kt-shape-type-kt-image-shape-standard kt-image-align-center kt-image-widget-widget-0-1-1\"><a href=\"https:\/\/www.ps-sport.fi\/wp-content\/uploads\/2020\/04\/ATP-sertifikaatti.pdf\" target=\"_blank\"><div class=\"kt-image-contain kt-image-shadow-none kt-image-shape-standard\"><div class=\"kt-image-inner-contain\"><img loading=\"lazy\" decoding=\"async\" width=\"227\" height=\"170\" src=\"https:\/\/www.ps-sport.fi\/wp-content\/uploads\/2019\/10\/apt-logo1.jpg\" class=\"attachment-full size-full\" alt=\"APT logo\" \/><\/div><\/div><\/a><\/div><\/div><\/div><\/div><div id=\"pg-106-1\"  class=\"panel-grid panel-no-style\" ><div id=\"pgc-106-1-0\"  class=\"panel-grid-cell panel-grid-cell-mobile-last\" ><div id=\"panel-106-1-0-0\" class=\"so-panel widget widget_black-studio-tinymce widget_black_studio_tinymce panel-first-child\" data-index=\"3\" ><div class=\"textwidget\"><hr>\n<\/div><\/div><div id=\"panel-106-1-0-1\" class=\"so-panel widget widget_black-studio-tinymce widget_black_studio_tinymce panel-last-child\" data-index=\"4\" ><h3 class=\"widget-title\">Ta kontakt<\/h3><div class=\"textwidget\">\n<div class=\"wpcf7 no-js\" id=\"wpcf7-f393-o1\" lang=\"fi\" dir=\"ltr\" data-wpcf7-id=\"393\">\n<div class=\"screen-reader-response\"><p role=\"status\" aria-live=\"polite\" aria-atomic=\"true\"><\/p> <ul><\/ul><\/div>\n<form action=\"\/sv\/wp-json\/wp\/v2\/pages\/106#wpcf7-f393-o1\" method=\"post\" class=\"wpcf7-form init\" aria-label=\"Yhteydenottolomake\" novalidate=\"novalidate\" data-status=\"init\">\n<fieldset class=\"hidden-fields-container\"><input type=\"hidden\" name=\"_wpcf7\" value=\"393\" \/><input type=\"hidden\" name=\"_wpcf7_version\" value=\"6.1.4\" \/><input type=\"hidden\" name=\"_wpcf7_locale\" value=\"fi\" \/><input type=\"hidden\" name=\"_wpcf7_unit_tag\" value=\"wpcf7-f393-o1\" \/><input type=\"hidden\" name=\"_wpcf7_container_post\" value=\"0\" \/><input type=\"hidden\" name=\"_wpcf7_posted_data_hash\" value=\"\" \/><input type=\"hidden\" name=\"_wpcf7_recaptcha_response\" value=\"\" \/>\n<\/fieldset>\n<p><label> Namn (obligatoriskt)<br \/>\n<span class=\"wpcf7-form-control-wrap\" data-name=\"your-name\"><input size=\"40\" maxlength=\"400\" class=\"wpcf7-form-control wpcf7-text wpcf7-validates-as-required\" aria-required=\"true\" aria-invalid=\"false\" value=\"\" type=\"text\" name=\"your-name\" \/><\/span> <\/label>\n<\/p>\n<p><label> E-post (obligatoriskt)<br \/>\n<span class=\"wpcf7-form-control-wrap\" data-name=\"your-email\"><input size=\"40\" maxlength=\"400\" class=\"wpcf7-form-control wpcf7-email wpcf7-validates-as-required wpcf7-text wpcf7-validates-as-email\" aria-required=\"true\" aria-invalid=\"false\" value=\"\" type=\"email\" name=\"your-email\" \/><\/span> <\/label>\n<\/p>\n<p><label> Telefonnummer (obligatoriskt)<br \/>\n<span class=\"wpcf7-form-control-wrap\" data-name=\"tel-752\"><input size=\"40\" maxlength=\"400\" class=\"wpcf7-form-control wpcf7-tel wpcf7-validates-as-required wpcf7-text wpcf7-validates-as-tel\" aria-required=\"true\" aria-invalid=\"false\" value=\"\" type=\"tel\" name=\"tel-752\" \/><\/span> <\/label>\n<\/p>\n<p><label> \u00c4rende<br \/>\n<span class=\"wpcf7-form-control-wrap\" data-name=\"your-subject\"><input size=\"40\" maxlength=\"400\" class=\"wpcf7-form-control wpcf7-text\" aria-invalid=\"false\" value=\"\" type=\"text\" name=\"your-subject\" \/><\/span> <\/label>\n<\/p>\n<p><label> Meddelande<br \/>\n<span class=\"wpcf7-form-control-wrap\" data-name=\"your-message\"><textarea cols=\"40\" rows=\"10\" maxlength=\"2000\" class=\"wpcf7-form-control wpcf7-textarea\" aria-invalid=\"false\" name=\"your-message\"><\/textarea><\/span> <\/label>\n<\/p>\n<p><input class=\"wpcf7-form-control wpcf7-submit has-spinner\" type=\"submit\" value=\"Skicka\" \/>\n<\/p><div class=\"wpcf7-response-output\" aria-hidden=\"true\"><\/div>\n<\/form>\n<\/div>\n\n<\/div><\/div><\/div><div id=\"pgc-106-1-1\"  class=\"panel-grid-cell panel-grid-cell-empty\" ><\/div><\/div><\/div>","protected":false},"excerpt":{"rendered":"<p>Jag erbjuder olika tr\u00e4nings- och v\u00e4lm\u00e5endetj\u00e4nster, b\u00e5de f\u00f6r privat personer och f\u00f6retag. Jag utg\u00e5r alltid ifr\u00e5n kundens \u00f6nskem\u00e5l och behov, och bygger p\u00e5 basen av dem olika paket f\u00f6r kunderna. Jag erbjuder bl.a. PT-tj\u00e4nster, leder Yoga-, Pilates- och MethodFascia-grupper. Jag &hellip; <a class=\"kt-excerpt-readmore more-link\" href=\"https:\/\/www.ps-sport.fi\/sv\/om-mig-pia-sundback\/\" aria-label=\"Om mig Pia Sundb\u00e4ck\">Lue lis\u00e4\u00e4<\/a><\/p>\n","protected":false},"author":1,"featured_media":0,"parent":0,"menu_order":0,"comment_status":"closed","ping_status":"closed","template":"","meta":{"kt_blocks_editor_width":"","footnotes":""},"class_list":["post-106","page","type-page","status-publish","hentry"],"yoast_head":"<!-- This site is optimized with the Yoast SEO plugin v26.7 - https:\/\/yoast.com\/wordpress\/plugins\/seo\/ -->\n<title>Om mig Pia Sundb\u00e4ck | Personal Trainer Porvoo Borg&aring; PS-Sport<\/title>\n<meta name=\"description\" content=\"Pia Sundb\u00e4ck erbjuder tr\u00e4nings- och v\u00e4lm\u00e5endetj\u00e4nster f\u00f6r privat personer och f\u00f6retag t.ex. PT, Yoga-, Pilates, FascialMethod, konditionstester, gymprogram\" \/>\n<meta name=\"robots\" content=\"index, follow, max-snippet:-1, max-image-preview:large, max-video-preview:-1\" \/>\n<link rel=\"canonical\" href=\"https:\/\/www.ps-sport.fi\/sv\/om-mig-pia-sundback\/\" \/>\n<meta property=\"og:locale\" content=\"sv_SE\" \/>\n<meta property=\"og:type\" content=\"article\" \/>\n<meta property=\"og:title\" content=\"Om mig Pia Sundb\u00e4ck | Personal Trainer Porvoo Borg&aring; PS-Sport\" \/>\n<meta property=\"og:description\" content=\"Pia Sundb\u00e4ck erbjuder tr\u00e4nings- och v\u00e4lm\u00e5endetj\u00e4nster f\u00f6r privat personer och f\u00f6retag t.ex. PT, Yoga-, Pilates, FascialMethod, konditionstester, gymprogram\" \/>\n<meta property=\"og:url\" content=\"https:\/\/www.ps-sport.fi\/sv\/om-mig-pia-sundback\/\" \/>\n<meta property=\"og:site_name\" content=\"Personal Trainer Porvoo Borg&aring; PS-Sport\" \/>\n<meta property=\"article:publisher\" content=\"https:\/\/www.facebook.com\/piasundbacksport\/\" \/>\n<meta property=\"article:modified_time\" content=\"2020-04-14T18:27:53+00:00\" \/>\n<meta property=\"og:image\" content=\"https:\/\/www.ps-sport.fi\/wp-content\/uploads\/2022\/12\/kuntovalmentaja-personal-trainer-pia-sundback-ps-sport.jpg\" \/>\n\t<meta property=\"og:image:width\" content=\"1200\" \/>\n\t<meta property=\"og:image:height\" content=\"630\" \/>\n\t<meta property=\"og:image:type\" content=\"image\/jpeg\" \/>\n<meta name=\"twitter:card\" content=\"summary_large_image\" \/>\n<meta name=\"twitter:label1\" content=\"Ber\u00e4knad l\u00e4stid\" \/>\n\t<meta name=\"twitter:data1\" content=\"2 minuter\" \/>\n<script type=\"application\/ld+json\" class=\"yoast-schema-graph\">{\"@context\":\"https:\/\/schema.org\",\"@graph\":[{\"@type\":\"WebPage\",\"@id\":\"https:\/\/www.ps-sport.fi\/sv\/om-mig-pia-sundback\/\",\"url\":\"https:\/\/www.ps-sport.fi\/sv\/om-mig-pia-sundback\/\",\"name\":\"Om mig Pia Sundb\u00e4ck | Personal Trainer Porvoo Borg&aring; PS-Sport\",\"isPartOf\":{\"@id\":\"https:\/\/www.ps-sport.fi\/sv\/#website\"},\"datePublished\":\"2019-07-09T14:50:43+00:00\",\"dateModified\":\"2020-04-14T18:27:53+00:00\",\"description\":\"Pia Sundb\u00e4ck erbjuder tr\u00e4nings- och v\u00e4lm\u00e5endetj\u00e4nster f\u00f6r privat personer och f\u00f6retag t.ex. PT, Yoga-, Pilates, FascialMethod, konditionstester, gymprogram\",\"breadcrumb\":{\"@id\":\"https:\/\/www.ps-sport.fi\/sv\/om-mig-pia-sundback\/#breadcrumb\"},\"inLanguage\":\"sv-SE\",\"potentialAction\":[{\"@type\":\"ReadAction\",\"target\":[\"https:\/\/www.ps-sport.fi\/sv\/om-mig-pia-sundback\/\"]}]},{\"@type\":\"BreadcrumbList\",\"@id\":\"https:\/\/www.ps-sport.fi\/sv\/om-mig-pia-sundback\/#breadcrumb\",\"itemListElement\":[{\"@type\":\"ListItem\",\"position\":1,\"name\":\"Home\",\"item\":\"https:\/\/www.ps-sport.fi\/sv\/\"},{\"@type\":\"ListItem\",\"position\":2,\"name\":\"Om mig Pia Sundb\u00e4ck\"}]},{\"@type\":\"WebSite\",\"@id\":\"https:\/\/www.ps-sport.fi\/sv\/#website\",\"url\":\"https:\/\/www.ps-sport.fi\/sv\/\",\"name\":\"PS-Sport Pia Sundb\u00e4ck PT Personal Trainer Porvoo Borg\u00e5\",\"description\":\"Personal trainer Porvoo Borg&aring;\",\"publisher\":{\"@id\":\"https:\/\/www.ps-sport.fi\/sv\/#organization\"},\"alternateName\":\"Pia Sundb\u00e4ck\",\"potentialAction\":[{\"@type\":\"SearchAction\",\"target\":{\"@type\":\"EntryPoint\",\"urlTemplate\":\"https:\/\/www.ps-sport.fi\/sv\/?s={search_term_string}\"},\"query-input\":{\"@type\":\"PropertyValueSpecification\",\"valueRequired\":true,\"valueName\":\"search_term_string\"}}],\"inLanguage\":\"sv-SE\"},{\"@type\":\"Organization\",\"@id\":\"https:\/\/www.ps-sport.fi\/sv\/#organization\",\"name\":\"PS-Sport Pia Sundb\u00e4ck\",\"alternateName\":\"Pia Sundb\u00e4ck\",\"url\":\"https:\/\/www.ps-sport.fi\/sv\/\",\"logo\":{\"@type\":\"ImageObject\",\"inLanguage\":\"sv-SE\",\"@id\":\"https:\/\/www.ps-sport.fi\/sv\/#\/schema\/logo\/image\/\",\"url\":\"https:\/\/www.ps-sport.fi\/wp-content\/uploads\/2019\/10\/ps-sport-ico.png\",\"contentUrl\":\"https:\/\/www.ps-sport.fi\/wp-content\/uploads\/2019\/10\/ps-sport-ico.png\",\"width\":512,\"height\":512,\"caption\":\"PS-Sport Pia Sundb\u00e4ck\"},\"image\":{\"@id\":\"https:\/\/www.ps-sport.fi\/sv\/#\/schema\/logo\/image\/\"},\"sameAs\":[\"https:\/\/www.facebook.com\/piasundbacksport\/\"]}]}<\/script>\n<!-- \/ Yoast SEO plugin. -->","yoast_head_json":{"title":"Om mig Pia Sundb\u00e4ck | Personal Trainer Porvoo Borg&aring; PS-Sport","description":"Pia Sundb\u00e4ck erbjuder tr\u00e4nings- och v\u00e4lm\u00e5endetj\u00e4nster f\u00f6r privat personer och f\u00f6retag t.ex. PT, Yoga-, Pilates, FascialMethod, konditionstester, gymprogram","robots":{"index":"index","follow":"follow","max-snippet":"max-snippet:-1","max-image-preview":"max-image-preview:large","max-video-preview":"max-video-preview:-1"},"canonical":"https:\/\/www.ps-sport.fi\/sv\/om-mig-pia-sundback\/","og_locale":"sv_SE","og_type":"article","og_title":"Om mig Pia Sundb\u00e4ck | Personal Trainer Porvoo Borg&aring; PS-Sport","og_description":"Pia Sundb\u00e4ck erbjuder tr\u00e4nings- och v\u00e4lm\u00e5endetj\u00e4nster f\u00f6r privat personer och f\u00f6retag t.ex. PT, Yoga-, Pilates, FascialMethod, konditionstester, gymprogram","og_url":"https:\/\/www.ps-sport.fi\/sv\/om-mig-pia-sundback\/","og_site_name":"Personal Trainer Porvoo Borg&aring; PS-Sport","article_publisher":"https:\/\/www.facebook.com\/piasundbacksport\/","article_modified_time":"2020-04-14T18:27:53+00:00","og_image":[{"width":1200,"height":630,"url":"https:\/\/www.ps-sport.fi\/wp-content\/uploads\/2022\/12\/kuntovalmentaja-personal-trainer-pia-sundback-ps-sport.jpg","type":"image\/jpeg"}],"twitter_card":"summary_large_image","twitter_misc":{"Ber\u00e4knad l\u00e4stid":"2 minuter"},"schema":{"@context":"https:\/\/schema.org","@graph":[{"@type":"WebPage","@id":"https:\/\/www.ps-sport.fi\/sv\/om-mig-pia-sundback\/","url":"https:\/\/www.ps-sport.fi\/sv\/om-mig-pia-sundback\/","name":"Om mig Pia Sundb\u00e4ck | Personal Trainer Porvoo Borg&aring; PS-Sport","isPartOf":{"@id":"https:\/\/www.ps-sport.fi\/sv\/#website"},"datePublished":"2019-07-09T14:50:43+00:00","dateModified":"2020-04-14T18:27:53+00:00","description":"Pia Sundb\u00e4ck erbjuder tr\u00e4nings- och v\u00e4lm\u00e5endetj\u00e4nster f\u00f6r privat personer och f\u00f6retag t.ex. PT, Yoga-, Pilates, FascialMethod, konditionstester, gymprogram","breadcrumb":{"@id":"https:\/\/www.ps-sport.fi\/sv\/om-mig-pia-sundback\/#breadcrumb"},"inLanguage":"sv-SE","potentialAction":[{"@type":"ReadAction","target":["https:\/\/www.ps-sport.fi\/sv\/om-mig-pia-sundback\/"]}]},{"@type":"BreadcrumbList","@id":"https:\/\/www.ps-sport.fi\/sv\/om-mig-pia-sundback\/#breadcrumb","itemListElement":[{"@type":"ListItem","position":1,"name":"Home","item":"https:\/\/www.ps-sport.fi\/sv\/"},{"@type":"ListItem","position":2,"name":"Om mig Pia Sundb\u00e4ck"}]},{"@type":"WebSite","@id":"https:\/\/www.ps-sport.fi\/sv\/#website","url":"https:\/\/www.ps-sport.fi\/sv\/","name":"PS-Sport Pia Sundb\u00e4ck PT Personal Trainer Porvoo Borg\u00e5","description":"Personal trainer Porvoo Borg&aring;","publisher":{"@id":"https:\/\/www.ps-sport.fi\/sv\/#organization"},"alternateName":"Pia Sundb\u00e4ck","potentialAction":[{"@type":"SearchAction","target":{"@type":"EntryPoint","urlTemplate":"https:\/\/www.ps-sport.fi\/sv\/?s={search_term_string}"},"query-input":{"@type":"PropertyValueSpecification","valueRequired":true,"valueName":"search_term_string"}}],"inLanguage":"sv-SE"},{"@type":"Organization","@id":"https:\/\/www.ps-sport.fi\/sv\/#organization","name":"PS-Sport Pia Sundb\u00e4ck","alternateName":"Pia Sundb\u00e4ck","url":"https:\/\/www.ps-sport.fi\/sv\/","logo":{"@type":"ImageObject","inLanguage":"sv-SE","@id":"https:\/\/www.ps-sport.fi\/sv\/#\/schema\/logo\/image\/","url":"https:\/\/www.ps-sport.fi\/wp-content\/uploads\/2019\/10\/ps-sport-ico.png","contentUrl":"https:\/\/www.ps-sport.fi\/wp-content\/uploads\/2019\/10\/ps-sport-ico.png","width":512,"height":512,"caption":"PS-Sport Pia Sundb\u00e4ck"},"image":{"@id":"https:\/\/www.ps-sport.fi\/sv\/#\/schema\/logo\/image\/"},"sameAs":["https:\/\/www.facebook.com\/piasundbacksport\/"]}]}},"_links":{"self":[{"href":"https:\/\/www.ps-sport.fi\/sv\/wp-json\/wp\/v2\/pages\/106","targetHints":{"allow":["GET"]}}],"collection":[{"href":"https:\/\/www.ps-sport.fi\/sv\/wp-json\/wp\/v2\/pages"}],"about":[{"href":"https:\/\/www.ps-sport.fi\/sv\/wp-json\/wp\/v2\/types\/page"}],"author":[{"embeddable":true,"href":"https:\/\/www.ps-sport.fi\/sv\/wp-json\/wp\/v2\/users\/1"}],"replies":[{"embeddable":true,"href":"https:\/\/www.ps-sport.fi\/sv\/wp-json\/wp\/v2\/comments?post=106"}],"version-history":[{"count":0,"href":"https:\/\/www.ps-sport.fi\/sv\/wp-json\/wp\/v2\/pages\/106\/revisions"}],"wp:attachment":[{"href":"https:\/\/www.ps-sport.fi\/sv\/wp-json\/wp\/v2\/media?parent=106"}],"curies":[{"name":"wp","href":"https:\/\/api.w.org\/{rel}","templated":true}]}}