{"id":116,"date":"2019-07-09T14:57:35","date_gmt":"2019-07-09T14:57:35","guid":{"rendered":"http:\/\/www.ps-sport.fi\/?page_id=116"},"modified":"2021-11-15T13:07:34","modified_gmt":"2021-11-15T13:07:34","slug":"kontaktuppgifter","status":"publish","type":"page","link":"https:\/\/www.ps-sport.fi\/sv\/kontaktuppgifter\/","title":{"rendered":"Kontaktuppgifter"},"content":{"rendered":"<div id=\"pl-116\"  class=\"panel-layout\" ><div id=\"pg-116-0\"  class=\"panel-grid panel-no-style\" ><div id=\"pgc-116-0-0\"  class=\"panel-grid-cell\" ><div id=\"panel-116-0-0-0\" class=\"so-panel widget widget_black-studio-tinymce widget_black_studio_tinymce panel-first-child\" data-index=\"0\" ><h3 class=\"widget-title\">Kontaktuppgifter<\/h3><div class=\"textwidget\"><p>PS-Sport<br \/>\nPia Sundb\u00e4ck<br \/>\ntel. <a href=\"tel:+358400180371\" rel=\"noopener\" target=\"_blank\">0400 180 371<\/a><br \/>\ninfo[at]ps-sport.fi<\/p>\n<p>&nbsp;<\/p>\n<p><strong>Postadress<\/strong><br \/>\nPia Sundb\u00e4ck<br \/>\nSund\u00f6stigen<br \/>\n07370 PELLINGE<\/p>\n<p>&nbsp;<\/p>\n<p><strong>FO-nummer <\/strong><br \/>\n2074205-2<\/p>\n<hr>\n<\/div><\/div><div id=\"panel-116-0-0-1\" class=\"so-panel widget widget_black-studio-tinymce widget_black_studio_tinymce panel-last-child\" data-index=\"1\" ><h3 class=\"widget-title\">Ta kontakt<\/h3><div class=\"textwidget\">\n<div class=\"wpcf7 no-js\" id=\"wpcf7-f393-o1\" lang=\"fi\" dir=\"ltr\" data-wpcf7-id=\"393\">\n<div class=\"screen-reader-response\"><p role=\"status\" aria-live=\"polite\" aria-atomic=\"true\"><\/p> <ul><\/ul><\/div>\n<form action=\"\/sv\/wp-json\/wp\/v2\/pages\/116#wpcf7-f393-o1\" method=\"post\" class=\"wpcf7-form init\" aria-label=\"Yhteydenottolomake\" novalidate=\"novalidate\" data-status=\"init\">\n<fieldset class=\"hidden-fields-container\"><input type=\"hidden\" name=\"_wpcf7\" value=\"393\" \/><input type=\"hidden\" name=\"_wpcf7_version\" value=\"6.1.4\" \/><input type=\"hidden\" name=\"_wpcf7_locale\" value=\"fi\" \/><input type=\"hidden\" name=\"_wpcf7_unit_tag\" value=\"wpcf7-f393-o1\" \/><input type=\"hidden\" name=\"_wpcf7_container_post\" value=\"0\" \/><input type=\"hidden\" name=\"_wpcf7_posted_data_hash\" value=\"\" \/><input type=\"hidden\" name=\"_wpcf7_recaptcha_response\" value=\"\" \/>\n<\/fieldset>\n<p><label> Namn (obligatoriskt)<br \/>\n<span class=\"wpcf7-form-control-wrap\" data-name=\"your-name\"><input size=\"40\" maxlength=\"400\" class=\"wpcf7-form-control wpcf7-text wpcf7-validates-as-required\" aria-required=\"true\" aria-invalid=\"false\" value=\"\" type=\"text\" name=\"your-name\" \/><\/span> <\/label>\n<\/p>\n<p><label> E-post (obligatoriskt)<br \/>\n<span class=\"wpcf7-form-control-wrap\" data-name=\"your-email\"><input size=\"40\" maxlength=\"400\" class=\"wpcf7-form-control wpcf7-email wpcf7-validates-as-required wpcf7-text wpcf7-validates-as-email\" aria-required=\"true\" aria-invalid=\"false\" value=\"\" type=\"email\" name=\"your-email\" \/><\/span> <\/label>\n<\/p>\n<p><label> Telefonnummer (obligatoriskt)<br \/>\n<span class=\"wpcf7-form-control-wrap\" data-name=\"tel-752\"><input size=\"40\" maxlength=\"400\" class=\"wpcf7-form-control wpcf7-tel wpcf7-validates-as-required wpcf7-text wpcf7-validates-as-tel\" aria-required=\"true\" aria-invalid=\"false\" value=\"\" type=\"tel\" name=\"tel-752\" \/><\/span> <\/label>\n<\/p>\n<p><label> \u00c4rende<br \/>\n<span class=\"wpcf7-form-control-wrap\" data-name=\"your-subject\"><input size=\"40\" maxlength=\"400\" class=\"wpcf7-form-control wpcf7-text\" aria-invalid=\"false\" value=\"\" type=\"text\" name=\"your-subject\" \/><\/span> <\/label>\n<\/p>\n<p><label> Meddelande<br \/>\n<span class=\"wpcf7-form-control-wrap\" data-name=\"your-message\"><textarea cols=\"40\" rows=\"10\" maxlength=\"2000\" class=\"wpcf7-form-control wpcf7-textarea\" aria-invalid=\"false\" name=\"your-message\"><\/textarea><\/span> <\/label>\n<\/p>\n<p><input class=\"wpcf7-form-control wpcf7-submit has-spinner\" type=\"submit\" value=\"Skicka\" \/>\n<\/p><div class=\"wpcf7-response-output\" aria-hidden=\"true\"><\/div>\n<\/form>\n<\/div>\n\n<\/div><\/div><\/div><div id=\"pgc-116-0-1\"  class=\"panel-grid-cell\" ><div id=\"panel-116-0-1-0\" class=\"so-panel widget widget_kadence_about_with_image kadence_about_with_image panel-first-child panel-last-child\" data-index=\"2\" ><div class=\"kad_img_upload_widget kt-shape-type-kt-image-shape-standard kt-image-align-left kt-image-widget-widget-0-1-0\"><a href=\"http:\/\/www.ps-sport.fi\/wp-content\/uploads\/2019\/07\/pia_sundback_600px.jpg\" rel=\"lightbox\"><div class=\"kt-image-contain kt-image-shadow-none kt-image-shape-standard\"><div class=\"kt-image-inner-contain\"><img loading=\"lazy\" decoding=\"async\" width=\"600\" height=\"761\" src=\"https:\/\/www.ps-sport.fi\/wp-content\/uploads\/2019\/07\/pia_sundback_600px.jpg\" class=\"attachment-full size-full\" alt=\"personal trainer Pia Sundb\u00e4ck\" srcset=\"https:\/\/www.ps-sport.fi\/wp-content\/uploads\/2019\/07\/pia_sundback_600px.jpg 600w, https:\/\/www.ps-sport.fi\/wp-content\/uploads\/2019\/07\/pia_sundback_600px-237x300.jpg 237w\" sizes=\"auto, (max-width: 600px) 100vw, 600px\" \/><\/div><\/div><\/a><\/div><\/div><\/div><\/div><\/div>","protected":false},"excerpt":{"rendered":"<p>PS-Sport Pia Sundb\u00e4ck tel. 0400 180 371 info[at]ps-sport.fi &nbsp; Postadress Pia Sundb\u00e4ck Sund\u00f6stigen 07370 PELLINGE &nbsp; FO-nummer 2074205-2<\/p>\n","protected":false},"author":1,"featured_media":0,"parent":0,"menu_order":0,"comment_status":"closed","ping_status":"closed","template":"","meta":{"kt_blocks_editor_width":"","footnotes":""},"class_list":["post-116","page","type-page","status-publish","hentry"],"yoast_head":"<!-- This site is optimized with the Yoast SEO plugin v26.7 - https:\/\/yoast.com\/wordpress\/plugins\/seo\/ -->\n<title>Kontaktuppgifter | Personal Trainer Porvoo Borg&aring; PS-Sport<\/title>\n<meta name=\"description\" content=\"Kontaktuppgifter till Pia Sundb\u00e4ck, PS-Sport tel. 0400 180 371info@ps-sport.fi. Ta kontakt jag finns i Borg\u00e5, Lovisa, Sibbo och Helsingfors\" \/>\n<meta name=\"robots\" content=\"index, follow, max-snippet:-1, max-image-preview:large, max-video-preview:-1\" \/>\n<link rel=\"canonical\" href=\"https:\/\/www.ps-sport.fi\/sv\/kontaktuppgifter\/\" \/>\n<meta property=\"og:locale\" content=\"sv_SE\" \/>\n<meta property=\"og:type\" content=\"article\" \/>\n<meta property=\"og:title\" content=\"Kontaktuppgifter | Personal Trainer Porvoo Borg&aring; PS-Sport\" \/>\n<meta property=\"og:description\" content=\"Kontaktuppgifter till Pia Sundb\u00e4ck, PS-Sport tel. 0400 180 371info@ps-sport.fi. Ta kontakt jag finns i Borg\u00e5, Lovisa, Sibbo och Helsingfors\" \/>\n<meta property=\"og:url\" content=\"https:\/\/www.ps-sport.fi\/sv\/kontaktuppgifter\/\" \/>\n<meta property=\"og:site_name\" content=\"Personal Trainer Porvoo Borg&aring; PS-Sport\" \/>\n<meta property=\"article:publisher\" content=\"https:\/\/www.facebook.com\/piasundbacksport\/\" \/>\n<meta property=\"article:modified_time\" content=\"2021-11-15T13:07:34+00:00\" \/>\n<meta property=\"og:image\" content=\"https:\/\/www.ps-sport.fi\/wp-content\/uploads\/2022\/12\/kuntovalmentaja-personal-trainer-pia-sundback-ps-sport.jpg\" \/>\n\t<meta property=\"og:image:width\" content=\"1200\" \/>\n\t<meta property=\"og:image:height\" content=\"630\" \/>\n\t<meta property=\"og:image:type\" content=\"image\/jpeg\" \/>\n<meta name=\"twitter:card\" content=\"summary_large_image\" \/>\n<script type=\"application\/ld+json\" class=\"yoast-schema-graph\">{\"@context\":\"https:\/\/schema.org\",\"@graph\":[{\"@type\":\"WebPage\",\"@id\":\"https:\/\/www.ps-sport.fi\/sv\/kontaktuppgifter\/\",\"url\":\"https:\/\/www.ps-sport.fi\/sv\/kontaktuppgifter\/\",\"name\":\"Kontaktuppgifter | Personal Trainer Porvoo Borg&aring; PS-Sport\",\"isPartOf\":{\"@id\":\"https:\/\/www.ps-sport.fi\/sv\/#website\"},\"datePublished\":\"2019-07-09T14:57:35+00:00\",\"dateModified\":\"2021-11-15T13:07:34+00:00\",\"description\":\"Kontaktuppgifter till Pia Sundb\u00e4ck, PS-Sport tel. 0400 180 371info@ps-sport.fi. Ta kontakt jag finns i Borg\u00e5, Lovisa, Sibbo och Helsingfors\",\"breadcrumb\":{\"@id\":\"https:\/\/www.ps-sport.fi\/sv\/kontaktuppgifter\/#breadcrumb\"},\"inLanguage\":\"sv-SE\",\"potentialAction\":[{\"@type\":\"ReadAction\",\"target\":[\"https:\/\/www.ps-sport.fi\/sv\/kontaktuppgifter\/\"]}]},{\"@type\":\"BreadcrumbList\",\"@id\":\"https:\/\/www.ps-sport.fi\/sv\/kontaktuppgifter\/#breadcrumb\",\"itemListElement\":[{\"@type\":\"ListItem\",\"position\":1,\"name\":\"Home\",\"item\":\"https:\/\/www.ps-sport.fi\/sv\/\"},{\"@type\":\"ListItem\",\"position\":2,\"name\":\"Kontaktuppgifter\"}]},{\"@type\":\"WebSite\",\"@id\":\"https:\/\/www.ps-sport.fi\/sv\/#website\",\"url\":\"https:\/\/www.ps-sport.fi\/sv\/\",\"name\":\"PS-Sport Pia Sundb\u00e4ck PT Personal Trainer Porvoo Borg\u00e5\",\"description\":\"Personal trainer Porvoo Borg&aring;\",\"publisher\":{\"@id\":\"https:\/\/www.ps-sport.fi\/sv\/#organization\"},\"alternateName\":\"Pia Sundb\u00e4ck\",\"potentialAction\":[{\"@type\":\"SearchAction\",\"target\":{\"@type\":\"EntryPoint\",\"urlTemplate\":\"https:\/\/www.ps-sport.fi\/sv\/?s={search_term_string}\"},\"query-input\":{\"@type\":\"PropertyValueSpecification\",\"valueRequired\":true,\"valueName\":\"search_term_string\"}}],\"inLanguage\":\"sv-SE\"},{\"@type\":\"Organization\",\"@id\":\"https:\/\/www.ps-sport.fi\/sv\/#organization\",\"name\":\"PS-Sport Pia Sundb\u00e4ck\",\"alternateName\":\"Pia Sundb\u00e4ck\",\"url\":\"https:\/\/www.ps-sport.fi\/sv\/\",\"logo\":{\"@type\":\"ImageObject\",\"inLanguage\":\"sv-SE\",\"@id\":\"https:\/\/www.ps-sport.fi\/sv\/#\/schema\/logo\/image\/\",\"url\":\"https:\/\/www.ps-sport.fi\/wp-content\/uploads\/2019\/10\/ps-sport-ico.png\",\"contentUrl\":\"https:\/\/www.ps-sport.fi\/wp-content\/uploads\/2019\/10\/ps-sport-ico.png\",\"width\":512,\"height\":512,\"caption\":\"PS-Sport Pia Sundb\u00e4ck\"},\"image\":{\"@id\":\"https:\/\/www.ps-sport.fi\/sv\/#\/schema\/logo\/image\/\"},\"sameAs\":[\"https:\/\/www.facebook.com\/piasundbacksport\/\"]}]}<\/script>\n<!-- \/ Yoast SEO plugin. -->","yoast_head_json":{"title":"Kontaktuppgifter | Personal Trainer Porvoo Borg&aring; PS-Sport","description":"Kontaktuppgifter till Pia Sundb\u00e4ck, PS-Sport tel. 0400 180 371info@ps-sport.fi. Ta kontakt jag finns i Borg\u00e5, Lovisa, Sibbo och Helsingfors","robots":{"index":"index","follow":"follow","max-snippet":"max-snippet:-1","max-image-preview":"max-image-preview:large","max-video-preview":"max-video-preview:-1"},"canonical":"https:\/\/www.ps-sport.fi\/sv\/kontaktuppgifter\/","og_locale":"sv_SE","og_type":"article","og_title":"Kontaktuppgifter | Personal Trainer Porvoo Borg&aring; PS-Sport","og_description":"Kontaktuppgifter till Pia Sundb\u00e4ck, PS-Sport tel. 0400 180 371info@ps-sport.fi. Ta kontakt jag finns i Borg\u00e5, Lovisa, Sibbo och Helsingfors","og_url":"https:\/\/www.ps-sport.fi\/sv\/kontaktuppgifter\/","og_site_name":"Personal Trainer Porvoo Borg&aring; PS-Sport","article_publisher":"https:\/\/www.facebook.com\/piasundbacksport\/","article_modified_time":"2021-11-15T13:07:34+00:00","og_image":[{"width":1200,"height":630,"url":"https:\/\/www.ps-sport.fi\/wp-content\/uploads\/2022\/12\/kuntovalmentaja-personal-trainer-pia-sundback-ps-sport.jpg","type":"image\/jpeg"}],"twitter_card":"summary_large_image","schema":{"@context":"https:\/\/schema.org","@graph":[{"@type":"WebPage","@id":"https:\/\/www.ps-sport.fi\/sv\/kontaktuppgifter\/","url":"https:\/\/www.ps-sport.fi\/sv\/kontaktuppgifter\/","name":"Kontaktuppgifter | Personal Trainer Porvoo Borg&aring; PS-Sport","isPartOf":{"@id":"https:\/\/www.ps-sport.fi\/sv\/#website"},"datePublished":"2019-07-09T14:57:35+00:00","dateModified":"2021-11-15T13:07:34+00:00","description":"Kontaktuppgifter till Pia Sundb\u00e4ck, PS-Sport tel. 0400 180 371info@ps-sport.fi. Ta kontakt jag finns i Borg\u00e5, Lovisa, Sibbo och Helsingfors","breadcrumb":{"@id":"https:\/\/www.ps-sport.fi\/sv\/kontaktuppgifter\/#breadcrumb"},"inLanguage":"sv-SE","potentialAction":[{"@type":"ReadAction","target":["https:\/\/www.ps-sport.fi\/sv\/kontaktuppgifter\/"]}]},{"@type":"BreadcrumbList","@id":"https:\/\/www.ps-sport.fi\/sv\/kontaktuppgifter\/#breadcrumb","itemListElement":[{"@type":"ListItem","position":1,"name":"Home","item":"https:\/\/www.ps-sport.fi\/sv\/"},{"@type":"ListItem","position":2,"name":"Kontaktuppgifter"}]},{"@type":"WebSite","@id":"https:\/\/www.ps-sport.fi\/sv\/#website","url":"https:\/\/www.ps-sport.fi\/sv\/","name":"PS-Sport Pia Sundb\u00e4ck PT Personal Trainer Porvoo Borg\u00e5","description":"Personal trainer Porvoo Borg&aring;","publisher":{"@id":"https:\/\/www.ps-sport.fi\/sv\/#organization"},"alternateName":"Pia Sundb\u00e4ck","potentialAction":[{"@type":"SearchAction","target":{"@type":"EntryPoint","urlTemplate":"https:\/\/www.ps-sport.fi\/sv\/?s={search_term_string}"},"query-input":{"@type":"PropertyValueSpecification","valueRequired":true,"valueName":"search_term_string"}}],"inLanguage":"sv-SE"},{"@type":"Organization","@id":"https:\/\/www.ps-sport.fi\/sv\/#organization","name":"PS-Sport Pia Sundb\u00e4ck","alternateName":"Pia Sundb\u00e4ck","url":"https:\/\/www.ps-sport.fi\/sv\/","logo":{"@type":"ImageObject","inLanguage":"sv-SE","@id":"https:\/\/www.ps-sport.fi\/sv\/#\/schema\/logo\/image\/","url":"https:\/\/www.ps-sport.fi\/wp-content\/uploads\/2019\/10\/ps-sport-ico.png","contentUrl":"https:\/\/www.ps-sport.fi\/wp-content\/uploads\/2019\/10\/ps-sport-ico.png","width":512,"height":512,"caption":"PS-Sport Pia Sundb\u00e4ck"},"image":{"@id":"https:\/\/www.ps-sport.fi\/sv\/#\/schema\/logo\/image\/"},"sameAs":["https:\/\/www.facebook.com\/piasundbacksport\/"]}]}},"_links":{"self":[{"href":"https:\/\/www.ps-sport.fi\/sv\/wp-json\/wp\/v2\/pages\/116","targetHints":{"allow":["GET"]}}],"collection":[{"href":"https:\/\/www.ps-sport.fi\/sv\/wp-json\/wp\/v2\/pages"}],"about":[{"href":"https:\/\/www.ps-sport.fi\/sv\/wp-json\/wp\/v2\/types\/page"}],"author":[{"embeddable":true,"href":"https:\/\/www.ps-sport.fi\/sv\/wp-json\/wp\/v2\/users\/1"}],"replies":[{"embeddable":true,"href":"https:\/\/www.ps-sport.fi\/sv\/wp-json\/wp\/v2\/comments?post=116"}],"version-history":[{"count":0,"href":"https:\/\/www.ps-sport.fi\/sv\/wp-json\/wp\/v2\/pages\/116\/revisions"}],"wp:attachment":[{"href":"https:\/\/www.ps-sport.fi\/sv\/wp-json\/wp\/v2\/media?parent=116"}],"curies":[{"name":"wp","href":"https:\/\/api.w.org\/{rel}","templated":true}]}}