{"id":817,"date":"2020-11-15T09:51:44","date_gmt":"2020-11-15T09:51:44","guid":{"rendered":"https:\/\/www.ps-sport.fi\/voi-hyvin\/"},"modified":"2020-12-09T16:15:44","modified_gmt":"2020-12-09T16:15:44","slug":"presentkort-ma-bra","status":"publish","type":"page","link":"https:\/\/www.ps-sport.fi\/sv\/presentkort-ma-bra\/","title":{"rendered":"Presentkort &#8211; M\u00e5 Bra"},"content":{"rendered":"<div id=\"pl-817\"  class=\"panel-layout\" ><div id=\"pg-817-0\"  class=\"panel-grid panel-no-style\" ><div id=\"pgc-817-0-0\"  class=\"panel-grid-cell\" ><div id=\"panel-817-0-0-0\" class=\"so-panel widget widget_black-studio-tinymce widget_black_studio_tinymce panel-first-child panel-last-child\" data-index=\"0\" ><h3 class=\"widget-title\">G\u00e5vokort<\/h3><div class=\"textwidget\"><p>Vad ger man i g\u00e5va \u00e5t n\u00e5gon som \u201dredan har allt\u201d och n\u00e5gonting som tar h\u00e4nsyn till en trygg vardag?<\/p>\n<p>Den b\u00e4sta presenten till dig sj\u00e4lv, din v\u00e4n eller till personalen. Ge v\u00e4lm\u00e5ende, r\u00f6relse och avslappning i r\u00e4tta proportioner \u2013 f\u00f6rst\u00e5s skr\u00e4ddarsytt och anpassat till r\u00e5dande livssituation.<\/p>\n<p>Jag Pia Sundb\u00e4ck sporrar, uppmuntrar och utmanar dig till en h\u00e4lsosammare vardag.<\/p>\n<p><strong>Presentkortet kan anv\u00e4ndas till en online timme, sm\u00e5grupps timme eller som en del av ett PT-paket.<\/strong><\/p>\n<p>Utbudet av online och sm\u00e5gruppstimmar varierar s\u00e5 ta kontakt via:<br \/>\ninfo@ps-sport.fi eller per tel.\/WhatsApp 0400 180 371 s\u00e5 v\u00e4gleder jag dig enligt dina \u00f6nskem\u00e5l och behov till r\u00e4tt grupp.<\/p>\n<p>Kolla ocks\u00e5 in den nya SelfCare Ergo & Relax paketet som \u00e4r l\u00e4mpligt att g\u00f6ra hemma. Rekommanderar den f\u00f6r t.ex. f\u00f6r den som distansjobbar.<\/p>\n<\/div><\/div><\/div><div id=\"pgc-817-0-1\"  class=\"panel-grid-cell\" ><div id=\"panel-817-0-1-0\" class=\"so-panel widget widget_kadence_about_with_image kadence_about_with_image panel-first-child panel-last-child\" data-index=\"1\" ><div class=\"kad_img_upload_widget kt-shape-type-kt-image-shape-standard kt-image-align-left kt-image-widget-widget-0-1-0\"><a href=\"https:\/\/www.ps-sport.fi\/wp-content\/uploads\/2020\/11\/lahjakortti.jpg\" rel=\"lightbox\"><div class=\"kt-image-contain kt-image-shadow-none kt-image-shape-standard\"><div class=\"kt-image-inner-contain\"><img loading=\"lazy\" decoding=\"async\" width=\"800\" height=\"600\" src=\"https:\/\/www.ps-sport.fi\/wp-content\/uploads\/2020\/11\/lahjakortti.jpg\" class=\"attachment-full size-full\" alt=\"PS Sport lahjakortti\" srcset=\"https:\/\/www.ps-sport.fi\/wp-content\/uploads\/2020\/11\/lahjakortti.jpg 800w, https:\/\/www.ps-sport.fi\/wp-content\/uploads\/2020\/11\/lahjakortti-300x225.jpg 300w, https:\/\/www.ps-sport.fi\/wp-content\/uploads\/2020\/11\/lahjakortti-768x576.jpg 768w\" sizes=\"auto, (max-width: 800px) 100vw, 800px\" \/><\/div><\/div><\/a><\/div><\/div><\/div><\/div><div id=\"pg-817-1\"  class=\"panel-grid panel-has-style\" ><div class=\"siteorigin-panels-stretch kt-panel-row-stretch panel-row-style panel-row-style-for-817-1\" style=\"opacity: 0;\" data-stretch-type=\"full\" ><div id=\"pgc-817-1-0\"  class=\"panel-grid-cell\" >\n                <div id=\"panel-817-1-0-0\" class=\"so-panel widget widget_kadence_split_content_widget kadence_split_content_widget panel-first-child\" data-index=\"2\" ><div class=\"panel-widget-style panel-widget-style-for-817-1-0-0\" >                \t<!-- Image Split -->\n\t<div class=\"kt-image-split\" id=\"kt-image-split-widget-1-0-0\">\n\t\t  <div class=\"row-no-margin\">\n\t\t\t<div class=\"col-md-6 kt-si-imagecol img-ktsi-left kt-animate-fade-in-\n\t\t\t\t\t\t\t\t\t\t\t\t\t\t\t\t\tright\t\t\t\" style=\"\n\t\t\t\">\n\t\t\t\t  <div class=\"kt-si-table-box\" style=\"height:400px\">\n\t\t\t\t\t  <div class=\"kt-si-cell-box\">\n\t\t\t\t\t\t<img decoding=\"async\" src=\"https:\/\/www.ps-sport.fi\/wp-content\/uploads\/2020\/11\/produktbild_selfcare_relax2_800x500.jpg\" alt=\"Self Care &amp; Relax\" class=\"kt-si-image\" style=\"max-height:400px\">\t\t\t\t\t<\/div>\n\t\t\t\t  <\/div>\n\t\t\t <\/div>\n\t\t\t <div class=\"col-md-6 kt-si-imagecol content-ktsi-left kt-animate-fade-in-left\" \n\t\t\t\t\t\t\t\t\t\t\t\t\t\t\t\t\t\t \t\t\t\t>\n\t\t\t\t  <div class=\"kt-si-table-box\" style=\"height:400px\">\n\t\t\t\t\t  <div class=\"kt-si-cell-box\">\n\t\t\t\t\t\t  <div class=\"kt-si-inner-content\" style=\"  text-align:left;\">\n\t\t\t\t\t\t\t<div class=\"kt_imgsplit_content\" style=\"\"><h4>Som g\u00e5va f\u00f6r privat personer och anst\u00e4llda<\/h4>\n<h2>SelfCare Ergo &amp; Relax hemmapaket<\/h2>\n\ninneh\u00e5ller\n<ul>\n<li>personlig r\u00e5dgivning och tips hur du ur ergonomisk synvinkel kan jobba b\u00e4ttre<\/li>\n<li>avlastande och t\u00e4njande r\u00f6relser. St\u00e4rkande pausr\u00f6relser online i 30 minuter x 4 g\u00e5nger p\u00e5 \u00f6verenskommen tid (mellan kl. 9\u201315)<\/li>\n<\/ul>\n\n<h4>Pris 130 \u20ac<\/h4><\/div>\t\t\t\t\t\t <\/div>\n\t\t\t\t\t<\/div>\n\t\t\t\t  <\/div>\n\t\t\t<\/div>\n\t\t  <\/div>\n\t<\/div>\n\n\t\n                <\/div><\/div>\n    <div id=\"panel-817-1-0-1\" class=\"so-panel widget widget_black-studio-tinymce widget_black_studio_tinymce panel-last-child\" data-index=\"3\" ><div class=\"textwidget\"><\/div><\/div><\/div><\/div><\/div><div id=\"pg-817-2\"  class=\"panel-grid panel-no-style\" ><div id=\"pgc-817-2-0\"  class=\"panel-grid-cell panel-grid-cell-mobile-last\" ><div id=\"panel-817-2-0-0\" class=\"so-panel widget widget_black-studio-tinymce widget_black_studio_tinymce panel-first-child panel-last-child\" data-index=\"4\" ><div class=\"textwidget\"><h2>Best\u00e4ll ett g\u00e5vokort<\/h2>\n<p>Fyll i formul\u00e4ret och tryck p\u00e5 s\u00e4nd. Du f\u00e5r r\u00e4kningen till din e-post. N\u00e4r r\u00e4kningen \u00e4r betald f\u00e5r du g\u00e5vokortet i pdf-form till din e-post. Du kan sj\u00e4lv skriva ut g\u00e5van. Om du vill ha ett traditionellt presentkort hemskickat per post, v\u00e4nligen beakta tiden som kr\u00e4vs f\u00f6r postleveransen.<\/p>\n<p>&nbsp;<\/p>\n\n<div class=\"wpcf7 no-js\" id=\"wpcf7-f824-o1\" lang=\"fi\" dir=\"ltr\" data-wpcf7-id=\"824\">\n<div class=\"screen-reader-response\"><p role=\"status\" aria-live=\"polite\" aria-atomic=\"true\"><\/p> <ul><\/ul><\/div>\n<form action=\"\/sv\/wp-json\/wp\/v2\/pages\/817#wpcf7-f824-o1\" method=\"post\" class=\"wpcf7-form init\" aria-label=\"Yhteydenottolomake\" novalidate=\"novalidate\" data-status=\"init\">\n<fieldset class=\"hidden-fields-container\"><input type=\"hidden\" name=\"_wpcf7\" value=\"824\" \/><input type=\"hidden\" name=\"_wpcf7_version\" value=\"6.1.4\" \/><input type=\"hidden\" name=\"_wpcf7_locale\" value=\"fi\" \/><input type=\"hidden\" name=\"_wpcf7_unit_tag\" value=\"wpcf7-f824-o1\" \/><input type=\"hidden\" name=\"_wpcf7_container_post\" value=\"0\" \/><input type=\"hidden\" name=\"_wpcf7_posted_data_hash\" value=\"\" \/><input type=\"hidden\" name=\"_wpcf7_recaptcha_response\" value=\"\" \/>\n<\/fieldset>\n<p><label> Betalarens namn (obligatorisk)<br \/>\n<span class=\"wpcf7-form-control-wrap\" data-name=\"your-name\"><input size=\"40\" maxlength=\"400\" class=\"wpcf7-form-control wpcf7-text wpcf7-validates-as-required\" aria-required=\"true\" aria-invalid=\"false\" value=\"\" type=\"text\" name=\"your-name\" \/><\/span> <\/label>\n<\/p>\n<p><label> Betalarens adress (obligatorisk)<br \/>\n<span class=\"wpcf7-form-control-wrap\" data-name=\"text-995\"><input size=\"40\" maxlength=\"400\" class=\"wpcf7-form-control wpcf7-text wpcf7-validates-as-required\" aria-required=\"true\" aria-invalid=\"false\" value=\"\" type=\"text\" name=\"text-995\" \/><\/span> <\/label>\n<\/p>\n<p><label> Betalarens e-postadress (obligatorisk)<br \/>\n<span class=\"wpcf7-form-control-wrap\" data-name=\"your-email\"><input size=\"40\" maxlength=\"400\" class=\"wpcf7-form-control wpcf7-email wpcf7-validates-as-required wpcf7-text wpcf7-validates-as-email\" aria-required=\"true\" aria-invalid=\"false\" value=\"\" type=\"email\" name=\"your-email\" \/><\/span> <\/label>\n<\/p>\n<p><label> Betalarens telefonnummer (obligatorisk)<br \/>\n<span class=\"wpcf7-form-control-wrap\" data-name=\"tel-752\"><input size=\"40\" maxlength=\"400\" class=\"wpcf7-form-control wpcf7-tel wpcf7-validates-as-required wpcf7-text wpcf7-validates-as-tel\" aria-required=\"true\" aria-invalid=\"false\" value=\"\" type=\"tel\" name=\"tel-752\" \/><\/span> <\/label>\n<\/p>\n<p><label> Fyll i summa (obligatorisk)<br \/>\n<span class=\"wpcf7-form-control-wrap\" data-name=\"text-503\"><input size=\"40\" maxlength=\"400\" class=\"wpcf7-form-control wpcf7-text wpcf7-validates-as-required\" aria-required=\"true\" aria-invalid=\"false\" value=\"\" type=\"text\" name=\"text-503\" \/><\/span> <\/label>\n<\/p>\n<p><label> G\u00e5vomottagare (obligatorisk)<br \/>\n<span class=\"wpcf7-form-control-wrap\" data-name=\"text-699\"><input size=\"40\" maxlength=\"400\" class=\"wpcf7-form-control wpcf7-text wpcf7-validates-as-required\" aria-required=\"true\" aria-invalid=\"false\" value=\"\" type=\"text\" name=\"text-699\" \/><\/span> <\/label>\n<\/p>\n<p><label> G\u00e5vomottagarens telefonnummer (obligatorisk)<br \/>\n<span class=\"wpcf7-form-control-wrap\" data-name=\"tel-785\"><input size=\"40\" maxlength=\"400\" class=\"wpcf7-form-control wpcf7-tel wpcf7-validates-as-required wpcf7-text wpcf7-validates-as-tel\" aria-required=\"true\" aria-invalid=\"false\" value=\"\" type=\"tel\" name=\"tel-785\" \/><\/span> <\/label>\n<\/p>\n<p><label> \u00d6nskem\u00e5l, g\u00e5vomottagarens \u00f6nskem\u00e5l och utmaningar<br \/>\n<span class=\"wpcf7-form-control-wrap\" data-name=\"your-message\"><textarea cols=\"40\" rows=\"10\" maxlength=\"2000\" class=\"wpcf7-form-control wpcf7-textarea\" aria-invalid=\"false\" name=\"your-message\"><\/textarea><\/span> <\/label>\n<\/p>\n<p>Leveranss\u00e4tt av presentkort (v\u00e4lj leveranss\u00e4tt)<br \/>\n<span class=\"wpcf7-form-control-wrap\" data-name=\"radio-458\"><span class=\"wpcf7-form-control wpcf7-radio\"><span class=\"wpcf7-list-item first\"><label><input type=\"radio\" name=\"radio-458\" value=\"Elektronisk presentkort, PDF-fil\" checked=\"checked\" \/><span class=\"wpcf7-list-item-label\">Elektronisk presentkort, PDF-fil<\/span><\/label><\/span><span class=\"wpcf7-list-item last\"><label><input type=\"radio\" name=\"radio-458\" value=\"Tryckt g\u00e5vokort och postning \u00e1 3 \u20ac\" \/><span class=\"wpcf7-list-item-label\">Tryckt g\u00e5vokort och postning \u00e1 3 \u20ac<\/span><\/label><\/span><\/span><\/span>\n<\/p>\n<p><input class=\"wpcf7-form-control wpcf7-submit has-spinner\" type=\"submit\" value=\"Skicka\" \/>\n<\/p><div class=\"wpcf7-response-output\" aria-hidden=\"true\"><\/div>\n<\/form>\n<\/div>\n\n<\/div><\/div><\/div><div id=\"pgc-817-2-1\"  class=\"panel-grid-cell panel-grid-cell-empty\" ><\/div><\/div><\/div>","protected":false},"excerpt":{"rendered":"<p>Vad ger man i g\u00e5va \u00e5t n\u00e5gon som \u201dredan har allt\u201d och n\u00e5gonting som tar h\u00e4nsyn till en trygg vardag? Den b\u00e4sta presenten till dig sj\u00e4lv, din v\u00e4n eller till personalen. Ge v\u00e4lm\u00e5ende, r\u00f6relse och avslappning i r\u00e4tta proportioner \u2013 &hellip; <a class=\"kt-excerpt-readmore more-link\" href=\"https:\/\/www.ps-sport.fi\/sv\/presentkort-ma-bra\/\" aria-label=\"Presentkort &#8211; M\u00e5 Bra\">Lue lis\u00e4\u00e4<\/a><\/p>\n","protected":false},"author":1,"featured_media":805,"parent":0,"menu_order":0,"comment_status":"closed","ping_status":"closed","template":"","meta":{"kt_blocks_editor_width":"","footnotes":""},"class_list":["post-817","page","type-page","status-publish","has-post-thumbnail","hentry"],"yoast_head":"<!-- This site is optimized with the Yoast SEO plugin v26.7 - https:\/\/yoast.com\/wordpress\/plugins\/seo\/ -->\n<title>Presentkort - M\u00e5 Bra | Personal Trainer Porvoo Borg&aring; PS-Sport<\/title>\n<meta name=\"description\" content=\"G\u00e5vokort. Ge ett PT paket. En h\u00e4lsammare vardag. Ge v\u00e4lm\u00e5ende, r\u00f6relse och avslappning i r\u00e4tta proportioner. Allt s\u00e5klart skr\u00e4ddarsytt.\" \/>\n<meta name=\"robots\" content=\"index, follow, max-snippet:-1, max-image-preview:large, max-video-preview:-1\" \/>\n<link rel=\"canonical\" href=\"https:\/\/www.ps-sport.fi\/sv\/presentkort-ma-bra\/\" \/>\n<meta property=\"og:locale\" content=\"sv_SE\" \/>\n<meta property=\"og:type\" content=\"article\" \/>\n<meta property=\"og:title\" content=\"Presentkort - M\u00e5 Bra | Personal Trainer Porvoo Borg&aring; PS-Sport\" \/>\n<meta property=\"og:description\" content=\"G\u00e5vokort. Ge ett PT paket. En h\u00e4lsammare vardag. Ge v\u00e4lm\u00e5ende, r\u00f6relse och avslappning i r\u00e4tta proportioner. Allt s\u00e5klart skr\u00e4ddarsytt.\" \/>\n<meta property=\"og:url\" content=\"https:\/\/www.ps-sport.fi\/sv\/presentkort-ma-bra\/\" \/>\n<meta property=\"og:site_name\" content=\"Personal Trainer Porvoo Borg&aring; PS-Sport\" \/>\n<meta property=\"article:publisher\" content=\"https:\/\/www.facebook.com\/piasundbacksport\/\" \/>\n<meta property=\"article:modified_time\" content=\"2020-12-09T16:15:44+00:00\" \/>\n<meta property=\"og:image\" content=\"https:\/\/www.ps-sport.fi\/wp-content\/uploads\/2020\/11\/produktbild_lahjakortti_800x500.jpg\" \/>\n\t<meta property=\"og:image:width\" content=\"800\" \/>\n\t<meta property=\"og:image:height\" content=\"500\" \/>\n\t<meta property=\"og:image:type\" content=\"image\/jpeg\" \/>\n<meta name=\"twitter:card\" content=\"summary_large_image\" \/>\n<meta name=\"twitter:label1\" content=\"Ber\u00e4knad l\u00e4stid\" \/>\n\t<meta name=\"twitter:data1\" content=\"1 minut\" \/>\n<script type=\"application\/ld+json\" class=\"yoast-schema-graph\">{\"@context\":\"https:\/\/schema.org\",\"@graph\":[{\"@type\":\"WebPage\",\"@id\":\"https:\/\/www.ps-sport.fi\/sv\/presentkort-ma-bra\/\",\"url\":\"https:\/\/www.ps-sport.fi\/sv\/presentkort-ma-bra\/\",\"name\":\"Presentkort - M\u00e5 Bra | Personal Trainer Porvoo Borg&aring; PS-Sport\",\"isPartOf\":{\"@id\":\"https:\/\/www.ps-sport.fi\/sv\/#website\"},\"primaryImageOfPage\":{\"@id\":\"https:\/\/www.ps-sport.fi\/sv\/presentkort-ma-bra\/#primaryimage\"},\"image\":{\"@id\":\"https:\/\/www.ps-sport.fi\/sv\/presentkort-ma-bra\/#primaryimage\"},\"thumbnailUrl\":\"https:\/\/www.ps-sport.fi\/wp-content\/uploads\/2020\/11\/produktbild_lahjakortti_800x500.jpg\",\"datePublished\":\"2020-11-15T09:51:44+00:00\",\"dateModified\":\"2020-12-09T16:15:44+00:00\",\"description\":\"G\u00e5vokort. Ge ett PT paket. En h\u00e4lsammare vardag. Ge v\u00e4lm\u00e5ende, r\u00f6relse och avslappning i r\u00e4tta proportioner. Allt s\u00e5klart skr\u00e4ddarsytt.\",\"breadcrumb\":{\"@id\":\"https:\/\/www.ps-sport.fi\/sv\/presentkort-ma-bra\/#breadcrumb\"},\"inLanguage\":\"sv-SE\",\"potentialAction\":[{\"@type\":\"ReadAction\",\"target\":[\"https:\/\/www.ps-sport.fi\/sv\/presentkort-ma-bra\/\"]}]},{\"@type\":\"ImageObject\",\"inLanguage\":\"sv-SE\",\"@id\":\"https:\/\/www.ps-sport.fi\/sv\/presentkort-ma-bra\/#primaryimage\",\"url\":\"https:\/\/www.ps-sport.fi\/wp-content\/uploads\/2020\/11\/produktbild_lahjakortti_800x500.jpg\",\"contentUrl\":\"https:\/\/www.ps-sport.fi\/wp-content\/uploads\/2020\/11\/produktbild_lahjakortti_800x500.jpg\",\"width\":800,\"height\":500,\"caption\":\"Lahjakortti\"},{\"@type\":\"BreadcrumbList\",\"@id\":\"https:\/\/www.ps-sport.fi\/sv\/presentkort-ma-bra\/#breadcrumb\",\"itemListElement\":[{\"@type\":\"ListItem\",\"position\":1,\"name\":\"Home\",\"item\":\"https:\/\/www.ps-sport.fi\/sv\/\"},{\"@type\":\"ListItem\",\"position\":2,\"name\":\"Presentkort &#8211; M\u00e5 Bra\"}]},{\"@type\":\"WebSite\",\"@id\":\"https:\/\/www.ps-sport.fi\/sv\/#website\",\"url\":\"https:\/\/www.ps-sport.fi\/sv\/\",\"name\":\"PS-Sport Pia Sundb\u00e4ck PT Personal Trainer Porvoo Borg\u00e5\",\"description\":\"Personal trainer Porvoo Borg&aring;\",\"publisher\":{\"@id\":\"https:\/\/www.ps-sport.fi\/sv\/#organization\"},\"alternateName\":\"Pia Sundb\u00e4ck\",\"potentialAction\":[{\"@type\":\"SearchAction\",\"target\":{\"@type\":\"EntryPoint\",\"urlTemplate\":\"https:\/\/www.ps-sport.fi\/sv\/?s={search_term_string}\"},\"query-input\":{\"@type\":\"PropertyValueSpecification\",\"valueRequired\":true,\"valueName\":\"search_term_string\"}}],\"inLanguage\":\"sv-SE\"},{\"@type\":\"Organization\",\"@id\":\"https:\/\/www.ps-sport.fi\/sv\/#organization\",\"name\":\"PS-Sport Pia Sundb\u00e4ck\",\"alternateName\":\"Pia Sundb\u00e4ck\",\"url\":\"https:\/\/www.ps-sport.fi\/sv\/\",\"logo\":{\"@type\":\"ImageObject\",\"inLanguage\":\"sv-SE\",\"@id\":\"https:\/\/www.ps-sport.fi\/sv\/#\/schema\/logo\/image\/\",\"url\":\"https:\/\/www.ps-sport.fi\/wp-content\/uploads\/2019\/10\/ps-sport-ico.png\",\"contentUrl\":\"https:\/\/www.ps-sport.fi\/wp-content\/uploads\/2019\/10\/ps-sport-ico.png\",\"width\":512,\"height\":512,\"caption\":\"PS-Sport Pia Sundb\u00e4ck\"},\"image\":{\"@id\":\"https:\/\/www.ps-sport.fi\/sv\/#\/schema\/logo\/image\/\"},\"sameAs\":[\"https:\/\/www.facebook.com\/piasundbacksport\/\"]}]}<\/script>\n<!-- \/ Yoast SEO plugin. -->","yoast_head_json":{"title":"Presentkort - M\u00e5 Bra | Personal Trainer Porvoo Borg&aring; PS-Sport","description":"G\u00e5vokort. Ge ett PT paket. En h\u00e4lsammare vardag. Ge v\u00e4lm\u00e5ende, r\u00f6relse och avslappning i r\u00e4tta proportioner. Allt s\u00e5klart skr\u00e4ddarsytt.","robots":{"index":"index","follow":"follow","max-snippet":"max-snippet:-1","max-image-preview":"max-image-preview:large","max-video-preview":"max-video-preview:-1"},"canonical":"https:\/\/www.ps-sport.fi\/sv\/presentkort-ma-bra\/","og_locale":"sv_SE","og_type":"article","og_title":"Presentkort - M\u00e5 Bra | Personal Trainer Porvoo Borg&aring; PS-Sport","og_description":"G\u00e5vokort. Ge ett PT paket. En h\u00e4lsammare vardag. Ge v\u00e4lm\u00e5ende, r\u00f6relse och avslappning i r\u00e4tta proportioner. Allt s\u00e5klart skr\u00e4ddarsytt.","og_url":"https:\/\/www.ps-sport.fi\/sv\/presentkort-ma-bra\/","og_site_name":"Personal Trainer Porvoo Borg&aring; PS-Sport","article_publisher":"https:\/\/www.facebook.com\/piasundbacksport\/","article_modified_time":"2020-12-09T16:15:44+00:00","og_image":[{"width":800,"height":500,"url":"https:\/\/www.ps-sport.fi\/wp-content\/uploads\/2020\/11\/produktbild_lahjakortti_800x500.jpg","type":"image\/jpeg"}],"twitter_card":"summary_large_image","twitter_misc":{"Ber\u00e4knad l\u00e4stid":"1 minut"},"schema":{"@context":"https:\/\/schema.org","@graph":[{"@type":"WebPage","@id":"https:\/\/www.ps-sport.fi\/sv\/presentkort-ma-bra\/","url":"https:\/\/www.ps-sport.fi\/sv\/presentkort-ma-bra\/","name":"Presentkort - M\u00e5 Bra | Personal Trainer Porvoo Borg&aring; PS-Sport","isPartOf":{"@id":"https:\/\/www.ps-sport.fi\/sv\/#website"},"primaryImageOfPage":{"@id":"https:\/\/www.ps-sport.fi\/sv\/presentkort-ma-bra\/#primaryimage"},"image":{"@id":"https:\/\/www.ps-sport.fi\/sv\/presentkort-ma-bra\/#primaryimage"},"thumbnailUrl":"https:\/\/www.ps-sport.fi\/wp-content\/uploads\/2020\/11\/produktbild_lahjakortti_800x500.jpg","datePublished":"2020-11-15T09:51:44+00:00","dateModified":"2020-12-09T16:15:44+00:00","description":"G\u00e5vokort. Ge ett PT paket. En h\u00e4lsammare vardag. Ge v\u00e4lm\u00e5ende, r\u00f6relse och avslappning i r\u00e4tta proportioner. Allt s\u00e5klart skr\u00e4ddarsytt.","breadcrumb":{"@id":"https:\/\/www.ps-sport.fi\/sv\/presentkort-ma-bra\/#breadcrumb"},"inLanguage":"sv-SE","potentialAction":[{"@type":"ReadAction","target":["https:\/\/www.ps-sport.fi\/sv\/presentkort-ma-bra\/"]}]},{"@type":"ImageObject","inLanguage":"sv-SE","@id":"https:\/\/www.ps-sport.fi\/sv\/presentkort-ma-bra\/#primaryimage","url":"https:\/\/www.ps-sport.fi\/wp-content\/uploads\/2020\/11\/produktbild_lahjakortti_800x500.jpg","contentUrl":"https:\/\/www.ps-sport.fi\/wp-content\/uploads\/2020\/11\/produktbild_lahjakortti_800x500.jpg","width":800,"height":500,"caption":"Lahjakortti"},{"@type":"BreadcrumbList","@id":"https:\/\/www.ps-sport.fi\/sv\/presentkort-ma-bra\/#breadcrumb","itemListElement":[{"@type":"ListItem","position":1,"name":"Home","item":"https:\/\/www.ps-sport.fi\/sv\/"},{"@type":"ListItem","position":2,"name":"Presentkort &#8211; M\u00e5 Bra"}]},{"@type":"WebSite","@id":"https:\/\/www.ps-sport.fi\/sv\/#website","url":"https:\/\/www.ps-sport.fi\/sv\/","name":"PS-Sport Pia Sundb\u00e4ck PT Personal Trainer Porvoo Borg\u00e5","description":"Personal trainer Porvoo Borg&aring;","publisher":{"@id":"https:\/\/www.ps-sport.fi\/sv\/#organization"},"alternateName":"Pia Sundb\u00e4ck","potentialAction":[{"@type":"SearchAction","target":{"@type":"EntryPoint","urlTemplate":"https:\/\/www.ps-sport.fi\/sv\/?s={search_term_string}"},"query-input":{"@type":"PropertyValueSpecification","valueRequired":true,"valueName":"search_term_string"}}],"inLanguage":"sv-SE"},{"@type":"Organization","@id":"https:\/\/www.ps-sport.fi\/sv\/#organization","name":"PS-Sport Pia Sundb\u00e4ck","alternateName":"Pia Sundb\u00e4ck","url":"https:\/\/www.ps-sport.fi\/sv\/","logo":{"@type":"ImageObject","inLanguage":"sv-SE","@id":"https:\/\/www.ps-sport.fi\/sv\/#\/schema\/logo\/image\/","url":"https:\/\/www.ps-sport.fi\/wp-content\/uploads\/2019\/10\/ps-sport-ico.png","contentUrl":"https:\/\/www.ps-sport.fi\/wp-content\/uploads\/2019\/10\/ps-sport-ico.png","width":512,"height":512,"caption":"PS-Sport Pia Sundb\u00e4ck"},"image":{"@id":"https:\/\/www.ps-sport.fi\/sv\/#\/schema\/logo\/image\/"},"sameAs":["https:\/\/www.facebook.com\/piasundbacksport\/"]}]}},"_links":{"self":[{"href":"https:\/\/www.ps-sport.fi\/sv\/wp-json\/wp\/v2\/pages\/817","targetHints":{"allow":["GET"]}}],"collection":[{"href":"https:\/\/www.ps-sport.fi\/sv\/wp-json\/wp\/v2\/pages"}],"about":[{"href":"https:\/\/www.ps-sport.fi\/sv\/wp-json\/wp\/v2\/types\/page"}],"author":[{"embeddable":true,"href":"https:\/\/www.ps-sport.fi\/sv\/wp-json\/wp\/v2\/users\/1"}],"replies":[{"embeddable":true,"href":"https:\/\/www.ps-sport.fi\/sv\/wp-json\/wp\/v2\/comments?post=817"}],"version-history":[{"count":0,"href":"https:\/\/www.ps-sport.fi\/sv\/wp-json\/wp\/v2\/pages\/817\/revisions"}],"wp:featuredmedia":[{"embeddable":true,"href":"https:\/\/www.ps-sport.fi\/sv\/wp-json\/wp\/v2\/media\/805"}],"wp:attachment":[{"href":"https:\/\/www.ps-sport.fi\/sv\/wp-json\/wp\/v2\/media?parent=817"}],"curies":[{"name":"wp","href":"https:\/\/api.w.org\/{rel}","templated":true}]}}